{"id":10455,"date":"2023-08-23T12:24:21","date_gmt":"2023-08-23T08:54:21","guid":{"rendered":"http:\/\/gibgermany.de\/studies\/"},"modified":"2023-09-18T19:55:17","modified_gmt":"2023-09-18T16:25:17","slug":"studies","status":"publish","type":"page","link":"https:\/\/gibgermany.de\/de\/studies\/","title":{"rendered":"Studien"},"content":{"rendered":"\t\t<div data-elementor-type=\"wp-page\" data-elementor-id=\"10455\" class=\"elementor elementor-10455 elementor-10226\">\n\t\t\t\t\t\t\t        <section class=\"elementor-section elementor-top-section elementor-element elementor-element-2f2c1cb4 elementor-section-full_width elementor-section-content-middle elementor-section-stretched elementor-section-height-default elementor-section-height-default\" data-id=\"2f2c1cb4\" data-element_type=\"section\" data-settings=\"{&quot;stretch_section&quot;:&quot;section-stretched&quot;,&quot;background_background&quot;:&quot;classic&quot;}\">\n            \n                        <div class=\"elementor-container elementor-column-gap-default \">\n                    <div class=\"elementor-column elementor-col-100 elementor-top-column elementor-element elementor-element-49fdc59c\" data-id=\"49fdc59c\" data-element_type=\"column\">\n            <div class=\"elementor-widget-wrap elementor-element-populated\">\n                                <section class=\"elementor-section elementor-inner-section elementor-element elementor-element-19634adb elementor-section-content-middle elementor-section-boxed elementor-section-height-default elementor-section-height-default\" data-id=\"19634adb\" data-element_type=\"section\">\n            \n                        <div class=\"elementor-container elementor-column-gap-default \">\n                    <div class=\"elementor-column elementor-col-33 elementor-inner-column elementor-element elementor-element-2b89d2f3\" data-id=\"2b89d2f3\" data-element_type=\"column\">\n            <div class=\"elementor-widget-wrap elementor-element-populated\">\n                        \t\t<div class=\"elementor-element elementor-element-7cb5527c elementor-vertical-align-middle elementor-position-top elementor-widget elementor-widget-image-box\" data-id=\"7cb5527c\" data-element_type=\"widget\" data-widget_type=\"image-box.default\">\n\t\t\t\t<div class=\"elementor-widget-container\">\n\t\t\t<style>\/*! elementor - v3.12.1 - 02-04-2023 *\/\n.elementor-widget-image-box .elementor-image-box-content{width:100%}@media (min-width:768px){.elementor-widget-image-box.elementor-position-left .elementor-image-box-wrapper,.elementor-widget-image-box.elementor-position-right .elementor-image-box-wrapper{display:flex}.elementor-widget-image-box.elementor-position-right .elementor-image-box-wrapper{text-align:right;flex-direction:row-reverse}.elementor-widget-image-box.elementor-position-left .elementor-image-box-wrapper{text-align:left;flex-direction:row}.elementor-widget-image-box.elementor-position-top .elementor-image-box-img{margin:auto}.elementor-widget-image-box.elementor-vertical-align-top .elementor-image-box-wrapper{align-items:flex-start}.elementor-widget-image-box.elementor-vertical-align-middle .elementor-image-box-wrapper{align-items:center}.elementor-widget-image-box.elementor-vertical-align-bottom .elementor-image-box-wrapper{align-items:flex-end}}@media (max-width:767px){.elementor-widget-image-box .elementor-image-box-img{margin-left:auto!important;margin-right:auto!important;margin-bottom:15px}}.elementor-widget-image-box .elementor-image-box-img{display:inline-block}.elementor-widget-image-box .elementor-image-box-title a{color:inherit}.elementor-widget-image-box .elementor-image-box-wrapper{text-align:center}.elementor-widget-image-box .elementor-image-box-description{margin:0}<\/style><div class=\"elementor-image-box-wrapper\"><figure class=\"elementor-image-box-img\"><img width=\"271\" height=\"179\" src=\"https:\/\/gibgermany.de\/wp-content\/uploads\/2023\/08\/2-min.jpg\" class=\"attachment-full size-full wp-image-10255\" alt=\"\" \/><\/figure><div class=\"elementor-image-box-content\"><h5 class=\"elementor-image-box-title\">Technologie Lizenz \u00dcberpr\u00fcfung<\/h5><\/div><\/div>\t\t<\/div>\n\t\t\t\t<\/div>\n\t\t            <\/div>\n        <\/div>\n                <div class=\"elementor-column elementor-col-33 elementor-inner-column elementor-element elementor-element-3e3345af\" data-id=\"3e3345af\" data-element_type=\"column\">\n            <div class=\"elementor-widget-wrap elementor-element-populated\">\n                        \t\t<div class=\"elementor-element elementor-element-7677bf5a elementor-vertical-align-middle elementor-position-top elementor-widget elementor-widget-image-box\" data-id=\"7677bf5a\" data-element_type=\"widget\" data-widget_type=\"image-box.default\">\n\t\t\t\t<div class=\"elementor-widget-container\">\n\t\t\t<div class=\"elementor-image-box-wrapper\"><figure class=\"elementor-image-box-img\"><img width=\"269\" height=\"134\" src=\"https:\/\/gibgermany.de\/wp-content\/uploads\/2023\/08\/3-min.jpg\" class=\"attachment-full size-full wp-image-10253\" alt=\"\" \/><\/figure><div class=\"elementor-image-box-content\"><h5 class=\"elementor-image-box-title\">Durchf\u00fchrbarkeitsstudien<\/h5><\/div><\/div>\t\t<\/div>\n\t\t\t\t<\/div>\n\t\t            <\/div>\n        <\/div>\n                <div class=\"elementor-column elementor-col-33 elementor-inner-column elementor-element elementor-element-40c10eef\" data-id=\"40c10eef\" data-element_type=\"column\">\n            <div class=\"elementor-widget-wrap elementor-element-populated\">\n                        \t\t<div class=\"elementor-element elementor-element-114632e6 elementor-vertical-align-middle elementor-position-top elementor-widget elementor-widget-image-box\" data-id=\"114632e6\" data-element_type=\"widget\" data-widget_type=\"image-box.default\">\n\t\t\t\t<div class=\"elementor-widget-container\">\n\t\t\t<div class=\"elementor-image-box-wrapper\"><figure class=\"elementor-image-box-img\"><img width=\"271\" height=\"167\" src=\"https:\/\/gibgermany.de\/wp-content\/uploads\/2023\/08\/5-min-1.jpg\" class=\"attachment-full size-full wp-image-10257\" alt=\"\" \/><\/figure><div class=\"elementor-image-box-content\"><h5 class=\"elementor-image-box-title\">Markt und Technik f\u00e4llige Sorgfalt<\/h5><\/div><\/div>\t\t<\/div>\n\t\t\t\t<\/div>\n\t\t            <\/div>\n        <\/div>\n                            <\/div>\n        <\/section>\n                <section class=\"elementor-section elementor-inner-section elementor-element elementor-element-61fb667d elementor-section-content-middle elementor-section-boxed elementor-section-height-default elementor-section-height-default\" data-id=\"61fb667d\" data-element_type=\"section\">\n            \n                        <div class=\"elementor-container elementor-column-gap-default \">\n                    <div class=\"elementor-column elementor-col-25 elementor-inner-column elementor-element elementor-element-444ef152\" data-id=\"444ef152\" data-element_type=\"column\">\n            <div class=\"elementor-widget-wrap\">\n                                    <\/div>\n        <\/div>\n                <div class=\"elementor-column elementor-col-25 elementor-inner-column elementor-element elementor-element-5eee995\" data-id=\"5eee995\" data-element_type=\"column\">\n            <div class=\"elementor-widget-wrap elementor-element-populated\">\n                        \t\t<div class=\"elementor-element elementor-element-27386d5 elementor-vertical-align-middle elementor-position-top elementor-widget elementor-widget-image-box\" data-id=\"27386d5\" data-element_type=\"widget\" data-widget_type=\"image-box.default\">\n\t\t\t\t<div class=\"elementor-widget-container\">\n\t\t\t<div class=\"elementor-image-box-wrapper\"><figure class=\"elementor-image-box-img\"><img width=\"286\" height=\"170\" src=\"https:\/\/gibgermany.de\/wp-content\/uploads\/2023\/08\/6-min.jpg\" class=\"attachment-full size-full wp-image-10249\" alt=\"\" \/><\/figure><div class=\"elementor-image-box-content\"><h5 class=\"elementor-image-box-title\">Strategisches Marketing<\/h5><\/div><\/div>\t\t<\/div>\n\t\t\t\t<\/div>\n\t\t            <\/div>\n        <\/div>\n                <div class=\"elementor-column elementor-col-25 elementor-inner-column elementor-element elementor-element-533ba341\" data-id=\"533ba341\" data-element_type=\"column\">\n            <div class=\"elementor-widget-wrap elementor-element-populated\">\n                        \t\t<div class=\"elementor-element elementor-element-54ad372 elementor-vertical-align-middle elementor-position-top elementor-widget elementor-widget-image-box\" data-id=\"54ad372\" data-element_type=\"widget\" data-widget_type=\"image-box.default\">\n\t\t\t\t<div class=\"elementor-widget-container\">\n\t\t\t<div class=\"elementor-image-box-wrapper\"><figure class=\"elementor-image-box-img\"><img width=\"278\" height=\"116\" src=\"https:\/\/gibgermany.de\/wp-content\/uploads\/2023\/08\/4-min.png\" class=\"attachment-full size-full wp-image-10251\" alt=\"\" \/><\/figure><div class=\"elementor-image-box-content\"><h5 class=\"elementor-image-box-title\">Prozesskosten\u00fcberwachung<\/h5><\/div><\/div>\t\t<\/div>\n\t\t\t\t<\/div>\n\t\t            <\/div>\n        <\/div>\n                <div class=\"elementor-column elementor-col-25 elementor-inner-column elementor-element elementor-element-839e944\" data-id=\"839e944\" data-element_type=\"column\">\n            <div class=\"elementor-widget-wrap\">\n                                    <\/div>\n        <\/div>\n                            <\/div>\n        <\/section>\n                <section class=\"elementor-section elementor-inner-section elementor-element elementor-element-e7d33f0 elementor-section-content-middle elementor-section-boxed elementor-section-height-default elementor-section-height-default\" data-id=\"e7d33f0\" data-element_type=\"section\">\n            \n                        <div class=\"elementor-container elementor-column-gap-default \">\n                    <div class=\"elementor-column elementor-col-100 elementor-inner-column elementor-element elementor-element-884f8de\" data-id=\"884f8de\" data-element_type=\"column\">\n            <div class=\"elementor-widget-wrap elementor-element-populated\">\n                        \t\t<div class=\"elementor-element elementor-element-1fee9c9 elementor-vertical-align-middle elementor-position-top elementor-widget elementor-widget-image-box\" data-id=\"1fee9c9\" data-element_type=\"widget\" data-widget_type=\"image-box.default\">\n\t\t\t\t<div class=\"elementor-widget-container\">\n\t\t\t<div class=\"elementor-image-box-wrapper\"><div class=\"elementor-image-box-content\"><h1 class=\"elementor-image-box-title\">\u00dcber 100 beauftragte Berichte seit Bestehen f\u00fcr unsere Kunden abgeschlossen<\/h1><\/div><\/div>\t\t<\/div>\n\t\t\t\t<\/div>\n\t\t            <\/div>\n        <\/div>\n                            <\/div>\n        <\/section>\n                    <\/div>\n        <\/div>\n                            <\/div>\n        <\/section>\n        \t\t\t\t\t<\/div>\n\t\t","protected":false},"excerpt":{"rendered":"<p>Technologie Lizenz \u00dcberpr\u00fcfung Durchf\u00fchrbarkeitsstudien Markt und Technik f\u00e4llige Sorgfalt Strategisches Marketing Prozesskosten\u00fcberwachung \u00dcber 100 beauftragte Berichte seit Bestehen f\u00fcr unsere Kunden abgeschlossen<\/p>\n","protected":false},"author":1,"featured_media":0,"parent":0,"menu_order":0,"comment_status":"closed","ping_status":"closed","template":"","meta":{"inline_featured_image":false},"_links":{"self":[{"href":"https:\/\/gibgermany.de\/de\/wp-json\/wp\/v2\/pages\/10455"}],"collection":[{"href":"https:\/\/gibgermany.de\/de\/wp-json\/wp\/v2\/pages"}],"about":[{"href":"https:\/\/gibgermany.de\/de\/wp-json\/wp\/v2\/types\/page"}],"author":[{"embeddable":true,"href":"https:\/\/gibgermany.de\/de\/wp-json\/wp\/v2\/users\/1"}],"replies":[{"embeddable":true,"href":"https:\/\/gibgermany.de\/de\/wp-json\/wp\/v2\/comments?post=10455"}],"version-history":[{"count":4,"href":"https:\/\/gibgermany.de\/de\/wp-json\/wp\/v2\/pages\/10455\/revisions"}],"predecessor-version":[{"id":10459,"href":"https:\/\/gibgermany.de\/de\/wp-json\/wp\/v2\/pages\/10455\/revisions\/10459"}],"wp:attachment":[{"href":"https:\/\/gibgermany.de\/de\/wp-json\/wp\/v2\/media?parent=10455"}],"curies":[{"name":"wp","href":"https:\/\/api.w.org\/{rel}","templated":true}]}}