{"id":10461,"date":"2023-08-23T12:23:54","date_gmt":"2023-08-23T08:53:54","guid":{"rendered":"http:\/\/gibgermany.de\/project-management\/"},"modified":"2023-09-18T20:03:54","modified_gmt":"2023-09-18T16:33:54","slug":"project-management","status":"publish","type":"page","link":"https:\/\/gibgermany.de\/de\/project-management\/","title":{"rendered":"Project Management"},"content":{"rendered":"\t\t<div data-elementor-type=\"wp-page\" data-elementor-id=\"10461\" class=\"elementor elementor-10461 elementor-10224\">\n\t\t\t\t\t\t\t        <section class=\"elementor-section elementor-top-section elementor-element elementor-element-39549046 elementor-section-content-middle elementor-section-boxed elementor-section-height-default elementor-section-height-default\" data-id=\"39549046\" data-element_type=\"section\">\n            \n                        <div class=\"elementor-container elementor-column-gap-no \">\n                    <div class=\"elementor-column elementor-col-50 elementor-top-column elementor-element elementor-element-2ab397ec\" data-id=\"2ab397ec\" data-element_type=\"column\">\n            <div class=\"elementor-widget-wrap elementor-element-populated\">\n                        \t\t<div class=\"elementor-element elementor-element-574999c2 elementor-widget elementor-widget-ct_heading\" data-id=\"574999c2\" data-element_type=\"widget\" data-widget_type=\"ct_heading.default\">\n\t\t\t\t<div class=\"elementor-widget-container\">\n\t\t\t<div class=\"ct-heading h-align-left item-st-default\">\r\n\t    <h1 class=\"item--title case-animate-time st-default \" data-wow-delay=\"ms\">\r\n        <span>Project Management<\/span>    <\/h1>\r\n<\/div>\r\n\r\n\t\t<\/div>\n\t\t\t\t<\/div>\n\t\t\t\t<div class=\"elementor-element elementor-element-727030b7 elementor-widget elementor-widget-ct_list\" data-id=\"727030b7\" data-element_type=\"widget\" data-widget_type=\"ct_list.default\">\n\t\t\t\t<div class=\"elementor-widget-container\">\n\t\t\t    <div class=\"ct-list\">\r\n                    <div class=\"ct-list-item \">\r\n                                    <div class=\"ct-list-icon\">\r\n                        <i aria-hidden=\"true\" class=\"material zmdi zmdi-badge-check\"><\/i>                    <\/div>\r\n                            \t<div class=\"ct-list-content\">\r\n\t            \tFestlegung von Arbeitspl\u00e4nen, Planungspl\u00e4nen und Projektabl\u00e4ufen\t            <\/div>\r\n           <\/div>\r\n                    <div class=\"ct-list-item \">\r\n                                    <div class=\"ct-list-icon\">\r\n                        <i aria-hidden=\"true\" class=\"material zmdi zmdi-badge-check\"><\/i>                    <\/div>\r\n                            \t<div class=\"ct-list-content\">\r\n\t            \tUnterst\u00fctzung und Umsetzung des Gesamtfinanzplans des Projekts\t            <\/div>\r\n           <\/div>\r\n                    <div class=\"ct-list-item \">\r\n                                    <div class=\"ct-list-icon\">\r\n                        <i aria-hidden=\"true\" class=\"material zmdi zmdi-badge-check\"><\/i>                    <\/div>\r\n                            \t<div class=\"ct-list-content\">\r\n\t            \tBereitstellung von Projektkosten und Terminkontrolle\t            <\/div>\r\n           <\/div>\r\n                    <div class=\"ct-list-item \">\r\n                                    <div class=\"ct-list-icon\">\r\n                        <i aria-hidden=\"true\" class=\"material zmdi zmdi-badge-check\"><\/i>                    <\/div>\r\n                            \t<div class=\"ct-list-content\">\r\n\t            \tProjektqualit\u00e4t und Sicherheitsprogramm zur Verf\u00fcgung stellen\t            <\/div>\r\n           <\/div>\r\n                    <div class=\"ct-list-item \">\r\n                                    <div class=\"ct-list-icon\">\r\n                        <i aria-hidden=\"true\" class=\"material zmdi zmdi-badge-check\"><\/i>                    <\/div>\r\n                            \t<div class=\"ct-list-content\">\r\n\t            \tEinrichtung und Umsetzung von Projektstatus und Berichts-System\t            <\/div>\r\n           <\/div>\r\n                    <div class=\"ct-list-item \">\r\n                                    <div class=\"ct-list-icon\">\r\n                        <i aria-hidden=\"true\" class=\"material zmdi zmdi-badge-check\"><\/i>                    <\/div>\r\n                            \t<div class=\"ct-list-content\">\r\n\t            \tHaushaltskontrollen umsetzen\t            <\/div>\r\n           <\/div>\r\n            <\/div>\r\n\t\t<\/div>\n\t\t\t\t<\/div>\n\t\t            <\/div>\n        <\/div>\n                <div class=\"elementor-column elementor-col-50 elementor-top-column elementor-element elementor-element-4ae3d695\" data-id=\"4ae3d695\" data-element_type=\"column\">\n            <div class=\"elementor-widget-wrap elementor-element-populated\">\n                        \t\t<div class=\"elementor-element elementor-element-46a064b2 elementor-invisible elementor-widget elementor-widget-ct_image\" data-id=\"46a064b2\" data-element_type=\"widget\" data-settings=\"{&quot;_animation&quot;:&quot;pulse&quot;}\" data-widget_type=\"ct_image.default\">\n\t\t\t\t<div class=\"elementor-widget-container\">\n\t\t\t<div class=\"ct-image-single  \">\r\n                                        <img width=\"2560\" height=\"1815\" src=\"https:\/\/gibgermany.de\/wp-content\/uploads\/2023\/08\/14-min-scaled.jpg\" class=\"attachment-full\" alt=\"\" \/>                            <\/div>\t\t<\/div>\n\t\t\t\t<\/div>\n\t\t            <\/div>\n        <\/div>\n                            <\/div>\n        <\/section>\n        \t\t\t\t\t<\/div>\n\t\t","protected":false},"excerpt":{"rendered":"<p>Project Management Festlegung von Arbeitspl\u00e4nen, Planungspl\u00e4nen und Projektabl\u00e4ufen Unterst\u00fctzung und Umsetzung des Gesamtfinanzplans des Projekts Bereitstellung von Projektkosten und Terminkontrolle Projektqualit\u00e4t und Sicherheitsprogramm zur Verf\u00fcgung stellen Einrichtung und Umsetzung von Projektstatus und Berichts-System Haushaltskontrollen umsetzen<\/p>\n","protected":false},"author":1,"featured_media":0,"parent":0,"menu_order":0,"comment_status":"closed","ping_status":"closed","template":"","meta":{"inline_featured_image":false},"_links":{"self":[{"href":"https:\/\/gibgermany.de\/de\/wp-json\/wp\/v2\/pages\/10461"}],"collection":[{"href":"https:\/\/gibgermany.de\/de\/wp-json\/wp\/v2\/pages"}],"about":[{"href":"https:\/\/gibgermany.de\/de\/wp-json\/wp\/v2\/types\/page"}],"author":[{"embeddable":true,"href":"https:\/\/gibgermany.de\/de\/wp-json\/wp\/v2\/users\/1"}],"replies":[{"embeddable":true,"href":"https:\/\/gibgermany.de\/de\/wp-json\/wp\/v2\/comments?post=10461"}],"version-history":[{"count":4,"href":"https:\/\/gibgermany.de\/de\/wp-json\/wp\/v2\/pages\/10461\/revisions"}],"predecessor-version":[{"id":10465,"href":"https:\/\/gibgermany.de\/de\/wp-json\/wp\/v2\/pages\/10461\/revisions\/10465"}],"wp:attachment":[{"href":"https:\/\/gibgermany.de\/de\/wp-json\/wp\/v2\/media?parent=10461"}],"curies":[{"name":"wp","href":"https:\/\/api.w.org\/{rel}","templated":true}]}}